{"id":1524,"date":"2024-03-14T15:05:25","date_gmt":"2024-03-14T15:05:25","guid":{"rendered":"https:\/\/imn.co.rs\/?page_id=1524"},"modified":"2024-03-18T11:54:20","modified_gmt":"2024-03-18T11:54:20","slug":"d-o-r-c-o-l-2008","status":"publish","type":"page","link":"https:\/\/imn.co.rs\/?page_id=1524","title":{"rendered":"D.O.R.C.O.L. (2008 &#8211; )"},"content":{"rendered":"\n<h2 class=\"wp-block-heading\" style=\"text-transform:uppercase\">D.O.R.C.O.L. (2008 &#8211; )<\/h2>\n\n\n<div class=\"wp-block-image\">\n<figure class=\"aligncenter size-large is-resized\"><img loading=\"lazy\" decoding=\"async\" width=\"722\" height=\"1024\" src=\"https:\/\/imn.co.rs\/wp-content\/uploads\/2024\/03\/DORCOL-722x1024.jpg\" alt=\"\" class=\"wp-image-1527\" style=\"width:517px;height:auto\" srcset=\"https:\/\/imn.co.rs\/wp-content\/uploads\/2024\/03\/DORCOL-722x1024.jpg 722w, https:\/\/imn.co.rs\/wp-content\/uploads\/2024\/03\/DORCOL-212x300.jpg 212w, https:\/\/imn.co.rs\/wp-content\/uploads\/2024\/03\/DORCOL-768x1089.jpg 768w, https:\/\/imn.co.rs\/wp-content\/uploads\/2024\/03\/DORCOL-1083x1536.jpg 1083w, https:\/\/imn.co.rs\/wp-content\/uploads\/2024\/03\/DORCOL.jpg 1354w\" sizes=\"auto, (max-width: 722px) 100vw, 722px\" \/><\/figure>\n<\/div>\n\n\n<p><\/p>\n\n\n\n<p><br><strong>Original title: D.O.R.\u0106.O.L.<\/strong><\/p>\n\n\n\n<p><\/p>\n\n\n\n<p>Produced by: IntermediaNetwork (Serbia)<br>Director: Ivica Vidanovi\u0107<br>Screenplay: Milan St. Proti\u0107, Dejan Petrovi\u0107 and Zvonimir \u0160imunec<br>Camera operators: Zoran Jovanovi\u0107<br>Editor: Ana Savi\u0107<br>Duration: 15mins 4secs<br>Broadcast: December 2008<\/p>\n\n\n\n<figure class=\"wp-block-image alignwide size-large\"><img loading=\"lazy\" decoding=\"async\" width=\"1024\" height=\"148\" src=\"https:\/\/imn.co.rs\/wp-content\/uploads\/2024\/03\/Dorcol-logo-1024x148.png\" alt=\"\" class=\"wp-image-1528\" srcset=\"https:\/\/imn.co.rs\/wp-content\/uploads\/2024\/03\/Dorcol-logo-1024x148.png 1024w, https:\/\/imn.co.rs\/wp-content\/uploads\/2024\/03\/Dorcol-logo-300x43.png 300w, https:\/\/imn.co.rs\/wp-content\/uploads\/2024\/03\/Dorcol-logo-768x111.png 768w, https:\/\/imn.co.rs\/wp-content\/uploads\/2024\/03\/Dorcol-logo-1536x222.png 1536w, https:\/\/imn.co.rs\/wp-content\/uploads\/2024\/03\/Dorcol-logo.png 1719w\" sizes=\"auto, (max-width: 1024px) 100vw, 1024px\" \/><\/figure>\n\n\n<div class=\"wp-block-image\">\n<figure class=\"aligncenter size-large is-resized\"><img loading=\"lazy\" decoding=\"async\" width=\"1024\" height=\"588\" src=\"https:\/\/imn.co.rs\/wp-content\/uploads\/2024\/03\/DORCOL1-1024x588.jpg\" alt=\"\" class=\"wp-image-1526\" style=\"width:380px\" srcset=\"https:\/\/imn.co.rs\/wp-content\/uploads\/2024\/03\/DORCOL1-1024x588.jpg 1024w, https:\/\/imn.co.rs\/wp-content\/uploads\/2024\/03\/DORCOL1-300x172.jpg 300w, https:\/\/imn.co.rs\/wp-content\/uploads\/2024\/03\/DORCOL1-768x441.jpg 768w, https:\/\/imn.co.rs\/wp-content\/uploads\/2024\/03\/DORCOL1-1536x882.jpg 1536w, https:\/\/imn.co.rs\/wp-content\/uploads\/2024\/03\/DORCOL1-350x200.jpg 350w, https:\/\/imn.co.rs\/wp-content\/uploads\/2024\/03\/DORCOL1.jpg 1834w\" sizes=\"auto, (max-width: 1024px) 100vw, 1024px\" \/><\/figure>\n<\/div>\n\n\n<p><\/p>\n\n\n<div class=\"wp-block-image\">\n<figure class=\"aligncenter size-large is-resized\"><img loading=\"lazy\" decoding=\"async\" width=\"1024\" height=\"576\" src=\"https:\/\/imn.co.rs\/wp-content\/uploads\/2024\/03\/DORCOL2-1024x576.jpg\" alt=\"\" class=\"wp-image-1525\" style=\"width:380px\" srcset=\"https:\/\/imn.co.rs\/wp-content\/uploads\/2024\/03\/DORCOL2-1024x576.jpg 1024w, https:\/\/imn.co.rs\/wp-content\/uploads\/2024\/03\/DORCOL2-300x169.jpg 300w, https:\/\/imn.co.rs\/wp-content\/uploads\/2024\/03\/DORCOL2-768x432.jpg 768w, https:\/\/imn.co.rs\/wp-content\/uploads\/2024\/03\/DORCOL2-1536x865.jpg 1536w, https:\/\/imn.co.rs\/wp-content\/uploads\/2024\/03\/DORCOL2.jpg 1844w\" sizes=\"auto, (max-width: 1024px) 100vw, 1024px\" \/><\/figure>\n<\/div>\n\n\n<p>Dor\u0107ol was created as a project yearning to reflect on an authentic and exceptionally inspirational part of Belgrade, in the heart of the city, the oldest part of the capital.<br>Like every big city in the world, Belgrade too has a there neighbourhood that is distinguishable and prominent in. This is why Dor\u0107ol stood out as an obvious and logical inspiration to extract the spirit and emotion that deserves recognition and presentation and show it to the public in a way that is easily comprehendable by all generations.<\/p>\n\n\n\n<p>With the intention to offer a contribution to the preservation and advancement in this significance, the genuine spirit and appearance of this age old neigbourhood, prompted the initiative to establish a \u201cCharity association for the preservation of Dor\u0107ol\u201d.<\/p>\n\n\n\n<p>The association does not take anyone in favor, because this would be contrary to the Dor\u0107ol spirit. It serves as a directory for the mutual dedication in the preservation of the spiritual and cultural significance of Dor\u0107ol.<\/p>\n\n\n\n<p>The documentary dedicated to the neighborhood draws attention to the notable characters of Dor\u0107ol, its residents, events that took place and their fates and outcomes.<\/p>\n\n\n\n<figure class=\"wp-block-embed is-type-video is-provider-youtube wp-block-embed-youtube wp-embed-aspect-16-9 wp-has-aspect-ratio\"><div class=\"wp-block-embed__wrapper\">\n<iframe loading=\"lazy\" title=\"Dor\u0107ol - HD Documentary\" width=\"790\" height=\"444\" src=\"https:\/\/www.youtube.com\/embed\/-hey7dBuVZE?feature=oembed\" frameborder=\"0\" allow=\"accelerometer; autoplay; clipboard-write; encrypted-media; gyroscope; picture-in-picture; web-share\" allowfullscreen><\/iframe>\n<\/div><\/figure>\n","protected":false},"excerpt":{"rendered":"<p>D.O.R.C.O.L. (2008 &#8211; ) Original title: D.O.R.\u0106.O.L. Produced by: IntermediaNetwork (Serbia)Director: Ivica Vidanovi\u0107Screenplay: Milan St. Proti\u0107, Dejan Petrovi\u0107 and Zvonimir \u0160imunecCamera operators: Zoran Jovanovi\u0107Editor: Ana Savi\u0107Duration: 15mins 4secsBroadcast: December 2008 Dor\u0107ol was created as a project yearning to reflect on an authentic and exceptionally inspirational part of Belgrade, in the&#8230;<\/p>\n","protected":false},"author":1,"featured_media":0,"parent":0,"menu_order":0,"comment_status":"closed","ping_status":"closed","template":"","meta":{"footnotes":""},"class_list":["post-1524","page","type-page","status-publish","hentry"],"_links":{"self":[{"href":"https:\/\/imn.co.rs\/index.php?rest_route=\/wp\/v2\/pages\/1524","targetHints":{"allow":["GET"]}}],"collection":[{"href":"https:\/\/imn.co.rs\/index.php?rest_route=\/wp\/v2\/pages"}],"about":[{"href":"https:\/\/imn.co.rs\/index.php?rest_route=\/wp\/v2\/types\/page"}],"author":[{"embeddable":true,"href":"https:\/\/imn.co.rs\/index.php?rest_route=\/wp\/v2\/users\/1"}],"replies":[{"embeddable":true,"href":"https:\/\/imn.co.rs\/index.php?rest_route=%2Fwp%2Fv2%2Fcomments&post=1524"}],"version-history":[{"count":3,"href":"https:\/\/imn.co.rs\/index.php?rest_route=\/wp\/v2\/pages\/1524\/revisions"}],"predecessor-version":[{"id":1560,"href":"https:\/\/imn.co.rs\/index.php?rest_route=\/wp\/v2\/pages\/1524\/revisions\/1560"}],"wp:attachment":[{"href":"https:\/\/imn.co.rs\/index.php?rest_route=%2Fwp%2Fv2%2Fmedia&parent=1524"}],"curies":[{"name":"wp","href":"https:\/\/api.w.org\/{rel}","templated":true}]}}