{"id":1519,"date":"2024-03-14T14:58:45","date_gmt":"2024-03-14T14:58:45","guid":{"rendered":"https:\/\/imn.co.rs\/?page_id=1519"},"modified":"2024-03-14T14:58:45","modified_gmt":"2024-03-14T14:58:45","slug":"1st-week-of-new-serbian-cinema-2012","status":"publish","type":"page","link":"https:\/\/imn.co.rs\/?page_id=1519","title":{"rendered":"1st WEEK OF NEW SERBIAN CINEMA (2012)"},"content":{"rendered":"\n<h2 class=\"wp-block-heading\" style=\"text-transform:uppercase\">1st WEEK OF NEW SERBIAN CINEMA (2012)<\/h2>\n\n\n<div class=\"wp-block-image\">\n<figure class=\"aligncenter size-large is-resized\"><img loading=\"lazy\" decoding=\"async\" width=\"726\" height=\"1024\" src=\"https:\/\/imn.co.rs\/wp-content\/uploads\/2024\/03\/Atina_Film_Week_new-726x1024.jpg\" alt=\"\" class=\"wp-image-1520\" style=\"width:517px;height:auto\" srcset=\"https:\/\/imn.co.rs\/wp-content\/uploads\/2024\/03\/Atina_Film_Week_new-726x1024.jpg 726w, https:\/\/imn.co.rs\/wp-content\/uploads\/2024\/03\/Atina_Film_Week_new-213x300.jpg 213w, https:\/\/imn.co.rs\/wp-content\/uploads\/2024\/03\/Atina_Film_Week_new-768x1083.jpg 768w, https:\/\/imn.co.rs\/wp-content\/uploads\/2024\/03\/Atina_Film_Week_new-1090x1536.jpg 1090w, https:\/\/imn.co.rs\/wp-content\/uploads\/2024\/03\/Atina_Film_Week_new.jpg 1362w\" sizes=\"auto, (max-width: 726px) 100vw, 726px\" \/><\/figure>\n<\/div>\n\n\n<p><\/p>\n\n\n\n<p><br><strong>Original title: 1\u03b7 \u03b5\u03b2\u03b4\u03bf\u03bc\u03ac\u03b4\u03b1 \u03a3\u03cd\u03b3\u03c7\u03c1\u03bf\u03bd\u03bf\u03c5 \u03a3\u03ad\u03c1\u03b2\u03b9\u03ba\u03bf\u03c5 \u039a\u03b9\u03bd\u03b7\u03bc\u03b1\u03c4\u03bf\u03b3\u03c1\u03ac\u03c6\u03bf\u03c5<\/strong><\/p>\n\n\n\n<p><\/p>\n\n\n\n<p>Project Author and Creative Producer: Zvonimir \u0160imunec<br>Date: March 8th \u2013 14th, 2012<br>Films screened: 15<br>Venue: Athens Film Archive, Athens, Greece<\/p>\n\n\n\n<p>With the undivided and relentless assistance of the Greek Film Archive, the1st Week Of New Serbian Cinema, commenced in the second week of March. The event was held under the auspices of the Embassy of the Republic of Serbia in Athens and the Cinema Centre in Serbia.<br>The organization focused on Serbian cinema productions of the last decade and the audience was given the opportunity to learn about the work of old and new Serbian directors.<br>The director and chairman of the Serbian Film Centre, Darko Baji\u0107, along with many stars and authors of the films screened were in attendance. During the week of Serbian Cinema, 15 fiction films were screened, 13 of which were presented for the first time in Athens, like \u2018Montevideo\u2019, the Serbian blockbuster and \u2018Tilva Ro\u0161\u2019, the strong social drama that won awards in many festivals.<br>Moreover, two documentary films were presented: \u2018Cinema Komunisto\u2019 and \u2018O Gringo\u2019, both also participated in the International Documentary Festival of Thessaloniki later on.<br>No better person to explain what the idea behind the realization of the 1st Week of New Serbian Cinema in Athens than the celebrated film director and honored professor, Darko Baji\u0107. In his own words, the selection of films for the festival was brought down to a difficult task \u2013 those chosen must testify an abundance of ideas of the younger generation in a world of awarded authors and simultaneously portray the strong imprint of acknowledged masters in the directorial world. Two were also chosen as specatucalr historical blockbusters that managed the gigantic task of returning specators to movie theatres across the region, such as Montevideo, Taste of a Dream by Bjelogrli\u0107 and Saint George Shoots The Dragon by Dragojevi\u0107.<br>Authors representing the Serbian film industry suggested it be dedicated to the tragically deceased director Theo Angelopoulous, a great man of world cinema, for the festival to be in his honor and as a form of respect and gratitude for all his work and comitment.<\/p>\n\n\n\n<p>The organizing committee, sponsors and partners wished to contribute an even more constructive cooperation between two very similar European industries \u2013 Greece and Serbia.<\/p>\n\n\n<div class=\"wp-block-image\">\n<figure class=\"aligncenter size-large is-resized\"><img loading=\"lazy\" decoding=\"async\" width=\"1024\" height=\"680\" src=\"https:\/\/imn.co.rs\/wp-content\/uploads\/2024\/03\/Montevideo-Bog-te-video-u-Atini-3-1024x680.jpg\" alt=\"\" class=\"wp-image-1522\" style=\"width:570px\" srcset=\"https:\/\/imn.co.rs\/wp-content\/uploads\/2024\/03\/Montevideo-Bog-te-video-u-Atini-3-1024x680.jpg 1024w, https:\/\/imn.co.rs\/wp-content\/uploads\/2024\/03\/Montevideo-Bog-te-video-u-Atini-3-300x199.jpg 300w, https:\/\/imn.co.rs\/wp-content\/uploads\/2024\/03\/Montevideo-Bog-te-video-u-Atini-3-768x510.jpg 768w, https:\/\/imn.co.rs\/wp-content\/uploads\/2024\/03\/Montevideo-Bog-te-video-u-Atini-3-1536x1020.jpg 1536w, https:\/\/imn.co.rs\/wp-content\/uploads\/2024\/03\/Montevideo-Bog-te-video-u-Atini-3.jpg 1920w\" sizes=\"auto, (max-width: 1024px) 100vw, 1024px\" \/><\/figure>\n<\/div>\n\n\n<p><\/p>\n\n\n<div class=\"wp-block-image\">\n<figure class=\"aligncenter size-large is-resized\"><img loading=\"lazy\" decoding=\"async\" width=\"1024\" height=\"680\" src=\"https:\/\/imn.co.rs\/wp-content\/uploads\/2024\/03\/DSC_0169-1024x680.jpg\" alt=\"\" class=\"wp-image-1521\" style=\"width:570px\" srcset=\"https:\/\/imn.co.rs\/wp-content\/uploads\/2024\/03\/DSC_0169-1024x680.jpg 1024w, https:\/\/imn.co.rs\/wp-content\/uploads\/2024\/03\/DSC_0169-300x199.jpg 300w, https:\/\/imn.co.rs\/wp-content\/uploads\/2024\/03\/DSC_0169-768x510.jpg 768w, https:\/\/imn.co.rs\/wp-content\/uploads\/2024\/03\/DSC_0169-1536x1020.jpg 1536w, https:\/\/imn.co.rs\/wp-content\/uploads\/2024\/03\/DSC_0169.jpg 1920w\" sizes=\"auto, (max-width: 1024px) 100vw, 1024px\" \/><\/figure>\n<\/div>\n\n\n<p class=\"has-vivid-red-color has-text-color has-link-color wp-elements-bf7096de833bd7923d807131956facbf\"><strong>FILMS SCREENED:<\/strong><\/p>\n\n\n\n<p>Tilva Ro\u0161 (2010, dir. Nikola Le\u017eai\u0107)<br>White, White World (2010, dir. Oleg Novkovi\u0107)<br>Montevideo, Taste Of a Dream (2010, dir. Dragan Bjelogrli\u0107)<br>Skinning (2010, dir. Stevan Filipovi\u0107)<br>Solemn Promise (2009, dir. Sr\u0111an Karanovi\u0107)<br>Here and There (2009, dir. Darko Lungalov)<br>Honeymoons (2009, dir. Goran Paskaljevi\u0107)<br>St. George Shoots The Dragon (2009, dir. Sr\u0111an Dragojevi\u0107)<br>Love and Other Crimes (2008, dir. Stefan Arsenijevi\u0107)<br>The Tour (2008, dir. Goran Markovi\u0107)<br>The Trap (2007, dir. Sr\u0111an Golubovi\u0107)<br>Ordinary People (2009, dir. Vladimir Peri\u0161i\u0107)<br>When Father Was Away on Business (1985, dir. Emir Kusturica)<br>O Gringo (2010, dir. Darko Baji\u0107)<br>Cinema Komunisto (2012, dir. Mila Turajli\u0107)<\/p>\n","protected":false},"excerpt":{"rendered":"<p>1st WEEK OF NEW SERBIAN CINEMA (2012) Original title: 1\u03b7 \u03b5\u03b2\u03b4\u03bf\u03bc\u03ac\u03b4\u03b1 \u03a3\u03cd\u03b3\u03c7\u03c1\u03bf\u03bd\u03bf\u03c5 \u03a3\u03ad\u03c1\u03b2\u03b9\u03ba\u03bf\u03c5 \u039a\u03b9\u03bd\u03b7\u03bc\u03b1\u03c4\u03bf\u03b3\u03c1\u03ac\u03c6\u03bf\u03c5 Project Author and Creative Producer: Zvonimir \u0160imunecDate: March 8th \u2013 14th, 2012Films screened: 15Venue: Athens Film Archive, Athens, Greece With the undivided and relentless assistance of the Greek Film Archive, the1st Week Of New Serbian Cinema,&#8230;<\/p>\n","protected":false},"author":1,"featured_media":0,"parent":0,"menu_order":0,"comment_status":"closed","ping_status":"closed","template":"","meta":{"footnotes":""},"class_list":["post-1519","page","type-page","status-publish","hentry"],"_links":{"self":[{"href":"https:\/\/imn.co.rs\/index.php?rest_route=\/wp\/v2\/pages\/1519","targetHints":{"allow":["GET"]}}],"collection":[{"href":"https:\/\/imn.co.rs\/index.php?rest_route=\/wp\/v2\/pages"}],"about":[{"href":"https:\/\/imn.co.rs\/index.php?rest_route=\/wp\/v2\/types\/page"}],"author":[{"embeddable":true,"href":"https:\/\/imn.co.rs\/index.php?rest_route=\/wp\/v2\/users\/1"}],"replies":[{"embeddable":true,"href":"https:\/\/imn.co.rs\/index.php?rest_route=%2Fwp%2Fv2%2Fcomments&post=1519"}],"version-history":[{"count":1,"href":"https:\/\/imn.co.rs\/index.php?rest_route=\/wp\/v2\/pages\/1519\/revisions"}],"predecessor-version":[{"id":1523,"href":"https:\/\/imn.co.rs\/index.php?rest_route=\/wp\/v2\/pages\/1519\/revisions\/1523"}],"wp:attachment":[{"href":"https:\/\/imn.co.rs\/index.php?rest_route=%2Fwp%2Fv2%2Fmedia&parent=1519"}],"curies":[{"name":"wp","href":"https:\/\/api.w.org\/{rel}","templated":true}]}}