{"id":1492,"date":"2024-03-14T14:27:43","date_gmt":"2024-03-14T14:27:43","guid":{"rendered":"https:\/\/imn.co.rs\/?page_id=1492"},"modified":"2024-03-14T14:27:43","modified_gmt":"2024-03-14T14:27:43","slug":"o-gringo-2011","status":"publish","type":"page","link":"https:\/\/imn.co.rs\/?page_id=1492","title":{"rendered":"O GRINGO (2011)"},"content":{"rendered":"\n<h2 class=\"wp-block-heading\" style=\"text-transform:uppercase\">O GRINGO (2011)<\/h2>\n\n\n<div class=\"wp-block-image\">\n<figure class=\"aligncenter size-large is-resized\"><img loading=\"lazy\" decoding=\"async\" width=\"717\" height=\"1024\" src=\"https:\/\/imn.co.rs\/wp-content\/uploads\/2024\/03\/Poster_O_Gringo-717x1024.jpg\" alt=\"\" class=\"wp-image-1495\" style=\"width:517px;height:auto\" srcset=\"https:\/\/imn.co.rs\/wp-content\/uploads\/2024\/03\/Poster_O_Gringo-717x1024.jpg 717w, https:\/\/imn.co.rs\/wp-content\/uploads\/2024\/03\/Poster_O_Gringo-210x300.jpg 210w, https:\/\/imn.co.rs\/wp-content\/uploads\/2024\/03\/Poster_O_Gringo-768x1097.jpg 768w, https:\/\/imn.co.rs\/wp-content\/uploads\/2024\/03\/Poster_O_Gringo-1075x1536.jpg 1075w, https:\/\/imn.co.rs\/wp-content\/uploads\/2024\/03\/Poster_O_Gringo.jpg 1344w\" sizes=\"auto, (max-width: 717px) 100vw, 717px\" \/><\/figure>\n<\/div>\n\n\n<p><\/p>\n\n\n\n<p><br><strong>Original title: O Gringo<\/strong><\/p>\n\n\n\n<p><\/p>\n\n\n\n<p>Produced by: Magic Line (Serbia), Intermedia Network (Serbia)<br>Director: Darko Baji\u0107<br>Screenplay: Darko Baji\u0107 and Nata\u0161a Drakuli\u0107<br>Music: Ivan Lins<br>Editor: Filip Dedi\u0107 and Ivan Vasi\u0107<br>Cast: Dejan Petkovi\u0107 (as himself)<br>Running time: 90mins<br>Format: 35mm \/ color<br>Sound: Dolby Digital<br>Release date: May 2011<br>Genre: Documentary<\/p>\n\n\n<div class=\"wp-block-image\">\n<figure class=\"aligncenter size-large is-resized\"><img loading=\"lazy\" decoding=\"async\" width=\"1024\" height=\"576\" src=\"https:\/\/imn.co.rs\/wp-content\/uploads\/2024\/03\/DSC00216-1024x576.jpg\" alt=\"\" class=\"wp-image-1494\" style=\"width:570px\" srcset=\"https:\/\/imn.co.rs\/wp-content\/uploads\/2024\/03\/DSC00216-1024x576.jpg 1024w, https:\/\/imn.co.rs\/wp-content\/uploads\/2024\/03\/DSC00216-300x169.jpg 300w, https:\/\/imn.co.rs\/wp-content\/uploads\/2024\/03\/DSC00216-768x432.jpg 768w, https:\/\/imn.co.rs\/wp-content\/uploads\/2024\/03\/DSC00216-1536x864.jpg 1536w, https:\/\/imn.co.rs\/wp-content\/uploads\/2024\/03\/DSC00216.jpg 1920w\" sizes=\"auto, (max-width: 1024px) 100vw, 1024px\" \/><\/figure>\n<\/div>\n\n\n<p><\/p>\n\n\n<div class=\"wp-block-image\">\n<figure class=\"aligncenter size-large is-resized\"><img loading=\"lazy\" decoding=\"async\" width=\"1024\" height=\"576\" src=\"https:\/\/imn.co.rs\/wp-content\/uploads\/2024\/03\/DSC00126-1024x576.jpg\" alt=\"\" class=\"wp-image-1493\" style=\"width:570px\" srcset=\"https:\/\/imn.co.rs\/wp-content\/uploads\/2024\/03\/DSC00126-1024x576.jpg 1024w, https:\/\/imn.co.rs\/wp-content\/uploads\/2024\/03\/DSC00126-300x169.jpg 300w, https:\/\/imn.co.rs\/wp-content\/uploads\/2024\/03\/DSC00126-768x432.jpg 768w, https:\/\/imn.co.rs\/wp-content\/uploads\/2024\/03\/DSC00126-1536x864.jpg 1536w, https:\/\/imn.co.rs\/wp-content\/uploads\/2024\/03\/DSC00126.jpg 1920w\" sizes=\"auto, (max-width: 1024px) 100vw, 1024px\" \/><\/figure>\n<\/div>\n\n\n<p class=\"has-vivid-red-color has-text-color has-link-color wp-elements-ffd8dc0e854bea3c8266deb14cfb3313\"><strong>SYNOPSIS:<\/strong><\/p>\n\n\n\n<p>A Brazilian footballer usually becomes famous when playing for great European clubs. This film is a tender and enthusing story about a European player who became one of the greatest footballers in Brazil.<\/p>\n\n\n\n<p>Many experts consider Dejan Petkovi\u0107, born in Serbia, one of the greatest players of all time.<br>His fascinating career is currently on its top in Brazil, the country that bleeds, sweats and breathes football.<\/p>\n\n\n\n<p>When he was 37, he won the championship title with the Flamengo club and was voted the best footballer in Brazil.<\/p>\n\n\n\n<p>In the Maracana Walk of Fame he left his footprints, next to the steps of greats like Pele, Zico, Zagalo, Ronaldo, Ronaldino, Kaka, Adriano and other legends of the sport.<\/p>\n\n\n\n<p>O Gringo shows passionate football fans how to follow each game with the same amount of love, appreciation and respect. Whether won or lost, no match is less important than the other. With the fans devoted and undivided support and positive approach, an ideal atmosphere is created not only in the seats of the arena but it\u2019s what makes this game the most important unimportant thing in the world.<\/p>\n","protected":false},"excerpt":{"rendered":"<p>O GRINGO (2011) Original title: O Gringo Produced by: Magic Line (Serbia), Intermedia Network (Serbia)Director: Darko Baji\u0107Screenplay: Darko Baji\u0107 and Nata\u0161a Drakuli\u0107Music: Ivan LinsEditor: Filip Dedi\u0107 and Ivan Vasi\u0107Cast: Dejan Petkovi\u0107 (as himself)Running time: 90minsFormat: 35mm \/ colorSound: Dolby DigitalRelease date: May 2011Genre: Documentary SYNOPSIS: A Brazilian footballer usually becomes&#8230;<\/p>\n","protected":false},"author":1,"featured_media":0,"parent":0,"menu_order":0,"comment_status":"closed","ping_status":"closed","template":"","meta":{"footnotes":""},"class_list":["post-1492","page","type-page","status-publish","hentry"],"_links":{"self":[{"href":"https:\/\/imn.co.rs\/index.php?rest_route=\/wp\/v2\/pages\/1492","targetHints":{"allow":["GET"]}}],"collection":[{"href":"https:\/\/imn.co.rs\/index.php?rest_route=\/wp\/v2\/pages"}],"about":[{"href":"https:\/\/imn.co.rs\/index.php?rest_route=\/wp\/v2\/types\/page"}],"author":[{"embeddable":true,"href":"https:\/\/imn.co.rs\/index.php?rest_route=\/wp\/v2\/users\/1"}],"replies":[{"embeddable":true,"href":"https:\/\/imn.co.rs\/index.php?rest_route=%2Fwp%2Fv2%2Fcomments&post=1492"}],"version-history":[{"count":1,"href":"https:\/\/imn.co.rs\/index.php?rest_route=\/wp\/v2\/pages\/1492\/revisions"}],"predecessor-version":[{"id":1496,"href":"https:\/\/imn.co.rs\/index.php?rest_route=\/wp\/v2\/pages\/1492\/revisions\/1496"}],"wp:attachment":[{"href":"https:\/\/imn.co.rs\/index.php?rest_route=%2Fwp%2Fv2%2Fmedia&parent=1492"}],"curies":[{"name":"wp","href":"https:\/\/api.w.org\/{rel}","templated":true}]}}