{"id":1419,"date":"2024-03-14T12:20:07","date_gmt":"2024-03-14T12:20:07","guid":{"rendered":"https:\/\/imn.co.rs\/?page_id=1419"},"modified":"2024-03-14T12:20:07","modified_gmt":"2024-03-14T12:20:07","slug":"on-the-beautiful-blue-danube-2008","status":"publish","type":"page","link":"https:\/\/imn.co.rs\/?page_id=1419","title":{"rendered":"ON THE BEAUTIFUL BLUE DANUBE (2008)"},"content":{"rendered":"\n<h2 class=\"wp-block-heading\" style=\"text-transform:uppercase\">ON THE BEAUTIFUL BLUE DANUBE (2008)<\/h2>\n\n\n<div class=\"wp-block-image\">\n<figure class=\"aligncenter size-large is-resized\"><img loading=\"lazy\" decoding=\"async\" width=\"731\" height=\"1024\" src=\"https:\/\/imn.co.rs\/wp-content\/uploads\/2024\/03\/Dunav-731x1024.jpg\" alt=\"\" class=\"wp-image-1422\" style=\"width:517px;height:auto\" srcset=\"https:\/\/imn.co.rs\/wp-content\/uploads\/2024\/03\/Dunav-731x1024.jpg 731w, https:\/\/imn.co.rs\/wp-content\/uploads\/2024\/03\/Dunav-214x300.jpg 214w, https:\/\/imn.co.rs\/wp-content\/uploads\/2024\/03\/Dunav-768x1076.jpg 768w, https:\/\/imn.co.rs\/wp-content\/uploads\/2024\/03\/Dunav-1096x1536.jpg 1096w, https:\/\/imn.co.rs\/wp-content\/uploads\/2024\/03\/Dunav.jpg 1370w\" sizes=\"auto, (max-width: 731px) 100vw, 731px\" \/><\/figure>\n<\/div>\n\n\n<p><\/p>\n\n\n\n<p><br><strong>Original title: Na lepom plavom Dunavu<\/strong><\/p>\n\n\n\n<p><\/p>\n\n\n\n<p>Produced by: Magic Line (Serbia), Intermedia Network (Serbia)<br>Director: Darko Baji\u0107<br>Screenplay: Neboj\u0161a Rom\u010devi\u0107<br>Director of photography: Boris Gortinski<br>Production designer: Mile Jeremi\u0107<br>Costumes: Marina Medenica<br>Editor: Filip Dedi\u0107<br>Music: Bora \u0110or\u0111evi\u0107, Mom\u010dilo Bajagi\u0107 Bajaga, Zoran Kiki Lesandri\u0107, Rambo Amadeus, Vlada Divljan<br>Cast: Miki Manojlovi\u0107, Tim Seyfi, Michael Piccirilli, Branislav Le\u010di\u0107, Dragan Nikoli\u0107, Ursula Gottwald, Ana Frani\u0107, Bojana Maljevi\u0107, Sarah Lavinia Schmidbauer, Goran Jevti\u0107, Ivan Bosilj\u010di\u0107. Ljuba Bandovi\u0107, Cornelia De Pablos, Aleksandar Lazi\u0107, Jelena Gavrilovi\u0107, Ana Maljevi\u0107 and others<br>Running time: 97mins<br>Format: 35mm \/ color<br>Sound: Dolby Digital<br>Aspect ratio: 2.35 : 1<br>Festival Release Date: February 2008<br>Release Date: March 2008<br>Genre: Drama, Musical<\/p>\n\n\n<div class=\"wp-block-image\">\n<figure class=\"aligncenter size-large is-resized\"><img loading=\"lazy\" decoding=\"async\" width=\"1024\" height=\"681\" src=\"https:\/\/imn.co.rs\/wp-content\/uploads\/2024\/03\/25-1024x681.jpg\" alt=\"\" class=\"wp-image-1420\" style=\"width:570px\" srcset=\"https:\/\/imn.co.rs\/wp-content\/uploads\/2024\/03\/25-1024x681.jpg 1024w, https:\/\/imn.co.rs\/wp-content\/uploads\/2024\/03\/25-300x200.jpg 300w, https:\/\/imn.co.rs\/wp-content\/uploads\/2024\/03\/25-768x511.jpg 768w, https:\/\/imn.co.rs\/wp-content\/uploads\/2024\/03\/25-1536x1022.jpg 1536w, https:\/\/imn.co.rs\/wp-content\/uploads\/2024\/03\/25.jpg 1920w\" sizes=\"auto, (max-width: 1024px) 100vw, 1024px\" \/><\/figure>\n<\/div>\n\n\n<p><\/p>\n\n\n<div class=\"wp-block-image\">\n<figure class=\"aligncenter size-large is-resized\"><img loading=\"lazy\" decoding=\"async\" width=\"1024\" height=\"681\" src=\"https:\/\/imn.co.rs\/wp-content\/uploads\/2024\/03\/32-1024x681.jpg\" alt=\"\" class=\"wp-image-1421\" style=\"width:570px\" srcset=\"https:\/\/imn.co.rs\/wp-content\/uploads\/2024\/03\/32-1024x681.jpg 1024w, https:\/\/imn.co.rs\/wp-content\/uploads\/2024\/03\/32-300x200.jpg 300w, https:\/\/imn.co.rs\/wp-content\/uploads\/2024\/03\/32-768x511.jpg 768w, https:\/\/imn.co.rs\/wp-content\/uploads\/2024\/03\/32-1536x1022.jpg 1536w, https:\/\/imn.co.rs\/wp-content\/uploads\/2024\/03\/32.jpg 1920w\" sizes=\"auto, (max-width: 1024px) 100vw, 1024px\" \/><\/figure>\n<\/div>\n\n\n<p class=\"has-vivid-red-color has-text-color has-link-color wp-elements-ffd8dc0e854bea3c8266deb14cfb3313\"><strong>SYNOPSIS:<\/strong><\/p>\n\n\n\n<p>Luxurious Danube river cruiser \u201cKriemhild\u201d, on a 2 day tour from Vienna to Belgrade. The ship \u201cKriemhild\u201d is a floating sin city. Exhausted, unhappy, frustrated people from western Europe come here to \u201crelax\u201d and conduct business topped with alcohol, entertainment and sex. The crew of the \u201cKriemhild\u201d are young people from eastern Europe who are trying to earn enough money to escape their small insignificant lives. That one night on this ship will shuffle the hands of fate of both the passengers and the crew of the ship. Prejudices, stereotypes and lack of communication between men and women, people of different religions, nationalities and social statutes will lead to absurd and, at times, dangerous situations, all colored with elements of dark humor. The night will unveil pain and tears, happiness and laughter. On this night, we will learn that a language barrier is not the main reason why people misunderstand each other.<\/p>\n\n\n\n<p>The idea being that a great European project, commencing in the heart of Serbia, on the river Danube, would bring together a vast domestic and international film crew.<\/p>\n","protected":false},"excerpt":{"rendered":"<p>ON THE BEAUTIFUL BLUE DANUBE (2008) Original title: Na lepom plavom Dunavu Produced by: Magic Line (Serbia), Intermedia Network (Serbia)Director: Darko Baji\u0107Screenplay: Neboj\u0161a Rom\u010devi\u0107Director of photography: Boris GortinskiProduction designer: Mile Jeremi\u0107Costumes: Marina MedenicaEditor: Filip Dedi\u0107Music: Bora \u0110or\u0111evi\u0107, Mom\u010dilo Bajagi\u0107 Bajaga, Zoran Kiki Lesandri\u0107, Rambo Amadeus, Vlada DivljanCast: Miki Manojlovi\u0107, Tim&#8230;<\/p>\n","protected":false},"author":1,"featured_media":0,"parent":0,"menu_order":0,"comment_status":"closed","ping_status":"closed","template":"","meta":{"footnotes":""},"class_list":["post-1419","page","type-page","status-publish","hentry"],"_links":{"self":[{"href":"https:\/\/imn.co.rs\/index.php?rest_route=\/wp\/v2\/pages\/1419","targetHints":{"allow":["GET"]}}],"collection":[{"href":"https:\/\/imn.co.rs\/index.php?rest_route=\/wp\/v2\/pages"}],"about":[{"href":"https:\/\/imn.co.rs\/index.php?rest_route=\/wp\/v2\/types\/page"}],"author":[{"embeddable":true,"href":"https:\/\/imn.co.rs\/index.php?rest_route=\/wp\/v2\/users\/1"}],"replies":[{"embeddable":true,"href":"https:\/\/imn.co.rs\/index.php?rest_route=%2Fwp%2Fv2%2Fcomments&post=1419"}],"version-history":[{"count":1,"href":"https:\/\/imn.co.rs\/index.php?rest_route=\/wp\/v2\/pages\/1419\/revisions"}],"predecessor-version":[{"id":1423,"href":"https:\/\/imn.co.rs\/index.php?rest_route=\/wp\/v2\/pages\/1419\/revisions\/1423"}],"wp:attachment":[{"href":"https:\/\/imn.co.rs\/index.php?rest_route=%2Fwp%2Fv2%2Fmedia&parent=1419"}],"curies":[{"name":"wp","href":"https:\/\/api.w.org\/{rel}","templated":true}]}}