{"id":1409,"date":"2024-03-14T12:05:15","date_gmt":"2024-03-14T12:05:15","guid":{"rendered":"https:\/\/imn.co.rs\/?page_id=1409"},"modified":"2024-03-14T12:05:15","modified_gmt":"2024-03-14T12:05:15","slug":"tears-for-sale-2008","status":"publish","type":"page","link":"https:\/\/imn.co.rs\/?page_id=1409","title":{"rendered":"TEARS FOR SALE (2008)"},"content":{"rendered":"\n<h2 class=\"wp-block-heading\" style=\"text-transform:uppercase\">TEARS FOR SALE (2008)<\/h2>\n\n\n<div class=\"wp-block-image\">\n<figure class=\"aligncenter size-large is-resized\"><img loading=\"lazy\" decoding=\"async\" width=\"724\" height=\"1024\" src=\"https:\/\/imn.co.rs\/wp-content\/uploads\/2024\/03\/carlston-poster-724x1024.jpg\" alt=\"\" class=\"wp-image-1412\" style=\"width:517px;height:auto\" srcset=\"https:\/\/imn.co.rs\/wp-content\/uploads\/2024\/03\/carlston-poster-724x1024.jpg 724w, https:\/\/imn.co.rs\/wp-content\/uploads\/2024\/03\/carlston-poster-212x300.jpg 212w, https:\/\/imn.co.rs\/wp-content\/uploads\/2024\/03\/carlston-poster-768x1087.jpg 768w, https:\/\/imn.co.rs\/wp-content\/uploads\/2024\/03\/carlston-poster-1086x1536.jpg 1086w, https:\/\/imn.co.rs\/wp-content\/uploads\/2024\/03\/carlston-poster.jpg 1357w\" sizes=\"auto, (max-width: 724px) 100vw, 724px\" \/><\/figure>\n<\/div>\n\n\n<p><\/p>\n\n\n\n<p><br><strong>Original title: \u010carlston za Ognjenku<\/strong><\/p>\n\n\n\n<p><\/p>\n\n\n\n<p>Produced by: Ulysses Pictures, Blue Pen (Serbia) , Intermedia Network (Serbia)<br>Director: Uro\u0161 Stojanovi\u0107<br>Screenplay: Uro\u0161 Stojanovi\u0107, Aleksandar Radivojevi\u0107, Sr\u0111an Dragojevi\u0107 and Stevan Koprivica<br>Director of photography: Du\u0161an Ivanovi\u0107<br>Music: Shigeru Umbeyashi<br>Production designer: Veljko Despotovi\u0107<br>Costumes: Ksenija Terzovi\u0107<br>Editor: Yves Beloniak, \u0110or\u0111e Markovi\u0107, Dejan Uro\u0161evi\u0107<br>Cast: Katarina Radivojevi\u0107, Sonja Kola\u010dari\u0107, Stefan Kapi\u010di\u0107, Nenad Jezdi\u0107, Olivera Katarina, Danica Maksimovi\u0107<br>Running time: 86mins<br>Format: 35mm \/ Cinemascope \/ color<br>Sound: Dolby Digital<br>Aspect ratio: 2.35 : 1<br>Release date: January 2008<br>Genre: Comedy, Drama, Fantasy<\/p>\n\n\n<div class=\"wp-block-image\">\n<figure class=\"aligncenter size-large is-resized\"><img loading=\"lazy\" decoding=\"async\" width=\"1024\" height=\"683\" src=\"https:\/\/imn.co.rs\/wp-content\/uploads\/2024\/03\/36A_0076-1024x683.jpg\" alt=\"\" class=\"wp-image-1411\" style=\"width:570px\" srcset=\"https:\/\/imn.co.rs\/wp-content\/uploads\/2024\/03\/36A_0076-1024x683.jpg 1024w, https:\/\/imn.co.rs\/wp-content\/uploads\/2024\/03\/36A_0076-300x200.jpg 300w, https:\/\/imn.co.rs\/wp-content\/uploads\/2024\/03\/36A_0076-768x512.jpg 768w, https:\/\/imn.co.rs\/wp-content\/uploads\/2024\/03\/36A_0076-1536x1024.jpg 1536w, https:\/\/imn.co.rs\/wp-content\/uploads\/2024\/03\/36A_0076.jpg 1920w\" sizes=\"auto, (max-width: 1024px) 100vw, 1024px\" \/><\/figure>\n<\/div>\n\n\n<p><\/p>\n\n\n<div class=\"wp-block-image\">\n<figure class=\"aligncenter size-large is-resized\"><img loading=\"lazy\" decoding=\"async\" width=\"1024\" height=\"610\" src=\"https:\/\/imn.co.rs\/wp-content\/uploads\/2024\/03\/kk1-1024x610.jpg\" alt=\"\" class=\"wp-image-1410\" style=\"width:570px\" srcset=\"https:\/\/imn.co.rs\/wp-content\/uploads\/2024\/03\/kk1-1024x610.jpg 1024w, https:\/\/imn.co.rs\/wp-content\/uploads\/2024\/03\/kk1-300x179.jpg 300w, https:\/\/imn.co.rs\/wp-content\/uploads\/2024\/03\/kk1-768x458.jpg 768w, https:\/\/imn.co.rs\/wp-content\/uploads\/2024\/03\/kk1-1536x915.jpg 1536w, https:\/\/imn.co.rs\/wp-content\/uploads\/2024\/03\/kk1.jpg 1920w\" sizes=\"auto, (max-width: 1024px) 100vw, 1024px\" \/><\/figure>\n<\/div>\n\n\n<p class=\"has-vivid-red-color has-text-color has-link-color wp-elements-ffd8dc0e854bea3c8266deb14cfb3313\"><strong>SYNOPSIS:<\/strong><\/p>\n\n\n\n<p>Serbia during the 1920s, between East and West, between magic and civilization.<br>In a country ravaged by constant warfare and blood law, a small mountain-village is left without a single man. Two sisters, the Little Goddess and Ognjenka, carefully guided by the ghost of their dead grandmother, the Great Goddess, decide to go to the capital and find themselves a couple of husbands to bring home. Miracles of the Big world, modern times and first love leave them completely breathless and this is where our grand adventure begins. Domestic critics considered it \u201can extraordinary moment for new Serbian film\u201d and a film with \u201ca magical look that brings certain French blockbusters to mind\u201d while the international community didn\u2019t hold back on the positive reactions with comments such as \u201cthe Serbian version of Amelie Pulen\u201d and \u201ca remarkable film on a number of levels that manages what seems like an impossible task: balancing the tragic history of its home nation with a sense of legitimate magic and wonder\u201d.<\/p>\n\n\n\n<p>One of the most ambitious endeavours of the Serbian film industry, especially at the time, broke box office records by attracting over 150 000 viewers in just the first month of screening. Tears For Sale was the most watched film in Serbian cinemas in 2008.<\/p>\n\n\n\n<p class=\"has-vivid-red-color has-text-color has-link-color wp-elements-f18d399670a8c5fb111eb8a12fa595ed\"><strong>AWARDS:<\/strong><\/p>\n\n\n\n<p>14th Fantasia Film Festival in Montreal, Canada (2010) \u2013 L\u2019\u00c9cran Fantastique Award<br>24th Santa Barbara IFF, USA (2009) &#8211; International Feature Competition Official Selection<br>3rd Ibiza International Film Festival, Spain (2009) \u2013 Special Jury Award (Uro\u0161 Stojanovi\u0107),<br>Best Actor (Nenad Jezdi\u0107), Best Production Design (Veljko Despotovi\u0107)<br>24th Warsaw Film Festival, Poland (2008) \u2013 Free Spirit Award (Tears For Sale)<br>15th FIPRESCI, Serbia (2008) \u2013 Best Director of Photography (Du\u0161an Ivanovi\u0107)<\/p>\n","protected":false},"excerpt":{"rendered":"<p>TEARS FOR SALE (2008) Original title: \u010carlston za Ognjenku Produced by: Ulysses Pictures, Blue Pen (Serbia) , Intermedia Network (Serbia)Director: Uro\u0161 Stojanovi\u0107Screenplay: Uro\u0161 Stojanovi\u0107, Aleksandar Radivojevi\u0107, Sr\u0111an Dragojevi\u0107 and Stevan KoprivicaDirector of photography: Du\u0161an Ivanovi\u0107Music: Shigeru UmbeyashiProduction designer: Veljko Despotovi\u0107Costumes: Ksenija Terzovi\u0107Editor: Yves Beloniak, \u0110or\u0111e Markovi\u0107, Dejan Uro\u0161evi\u0107Cast: Katarina Radivojevi\u0107,&#8230;<\/p>\n","protected":false},"author":1,"featured_media":0,"parent":0,"menu_order":0,"comment_status":"closed","ping_status":"closed","template":"","meta":{"footnotes":""},"class_list":["post-1409","page","type-page","status-publish","hentry"],"_links":{"self":[{"href":"https:\/\/imn.co.rs\/index.php?rest_route=\/wp\/v2\/pages\/1409","targetHints":{"allow":["GET"]}}],"collection":[{"href":"https:\/\/imn.co.rs\/index.php?rest_route=\/wp\/v2\/pages"}],"about":[{"href":"https:\/\/imn.co.rs\/index.php?rest_route=\/wp\/v2\/types\/page"}],"author":[{"embeddable":true,"href":"https:\/\/imn.co.rs\/index.php?rest_route=\/wp\/v2\/users\/1"}],"replies":[{"embeddable":true,"href":"https:\/\/imn.co.rs\/index.php?rest_route=%2Fwp%2Fv2%2Fcomments&post=1409"}],"version-history":[{"count":1,"href":"https:\/\/imn.co.rs\/index.php?rest_route=\/wp\/v2\/pages\/1409\/revisions"}],"predecessor-version":[{"id":1413,"href":"https:\/\/imn.co.rs\/index.php?rest_route=\/wp\/v2\/pages\/1409\/revisions\/1413"}],"wp:attachment":[{"href":"https:\/\/imn.co.rs\/index.php?rest_route=%2Fwp%2Fv2%2Fmedia&parent=1409"}],"curies":[{"name":"wp","href":"https:\/\/api.w.org\/{rel}","templated":true}]}}