{"id":1382,"date":"2024-03-14T11:29:32","date_gmt":"2024-03-14T11:29:32","guid":{"rendered":"https:\/\/imn.co.rs\/?page_id=1382"},"modified":"2024-03-14T11:29:32","modified_gmt":"2024-03-14T11:29:32","slug":"monument-to-michael-jackson-2014","status":"publish","type":"page","link":"https:\/\/imn.co.rs\/?page_id=1382","title":{"rendered":"MONUMENT TO MICHAEL JACKSON (2014)"},"content":{"rendered":"\n<h2 class=\"wp-block-heading\" style=\"text-transform:uppercase\">Monument to Michael Jackson (2014)<\/h2>\n\n\n<div class=\"wp-block-image\">\n<figure class=\"aligncenter size-large is-resized\"><img loading=\"lazy\" decoding=\"async\" width=\"722\" height=\"1024\" src=\"https:\/\/imn.co.rs\/wp-content\/uploads\/2024\/03\/MonumentMichaelJackson-poster-722x1024.jpg\" alt=\"\" class=\"wp-image-1385\" style=\"width:517px;height:auto\" srcset=\"https:\/\/imn.co.rs\/wp-content\/uploads\/2024\/03\/MonumentMichaelJackson-poster-722x1024.jpg 722w, https:\/\/imn.co.rs\/wp-content\/uploads\/2024\/03\/MonumentMichaelJackson-poster-211x300.jpg 211w, https:\/\/imn.co.rs\/wp-content\/uploads\/2024\/03\/MonumentMichaelJackson-poster-768x1090.jpg 768w, https:\/\/imn.co.rs\/wp-content\/uploads\/2024\/03\/MonumentMichaelJackson-poster-1082x1536.jpg 1082w, https:\/\/imn.co.rs\/wp-content\/uploads\/2024\/03\/MonumentMichaelJackson-poster.jpg 1353w\" sizes=\"auto, (max-width: 722px) 100vw, 722px\" \/><\/figure>\n<\/div>\n\n\n<p><\/p>\n\n\n\n<p><br><strong>Original title: Spomenik Majklu D\u017eeksonu<\/strong><\/p>\n\n\n\n<p><\/p>\n\n\n\n<p>Producers: Sne\u017eana Penev, Darko Lungulov<br>Produced by: Papa Films<br>Co-producer: Intermedia Network<br>Director: Darko Lungulov<br>Screenplay: Darko Lungulov<br>Director of photography: Mathias Schoeningh<br>Music: Dejan Pejovi\u0107<br>Production designer: Kiril Spaseski<br>Costumes: Zora Mojsilovi\u0107<br>Cast: Boris Milivojevi\u0107, Nata\u0161a Tapu\u0161kovi\u0107, Dragan Bjelogrli\u0107, Ljubomir Bandovi\u0107, Branislav Trifunovi\u0107, Toni Mihajlovski, Mirjana Karanovi\u0107, Marko Janketi\u0107, Sr\u0111an Mileti\u0107, Ema Terzi\u0107<br>Running time: 95mins<br>Format: 35mm, Beta SP, color<br>Sound: Dolby digital<br>Release date: Autumn, 2013<br>Genre: Tragicomedy, Romance<\/p>\n\n\n<div class=\"wp-block-image\">\n<figure class=\"aligncenter size-large is-resized\"><img loading=\"lazy\" decoding=\"async\" width=\"1024\" height=\"868\" src=\"https:\/\/imn.co.rs\/wp-content\/uploads\/2024\/03\/278028_ekipa-filma-spomenik-majkl-dzeksonu-1024x868.jpg\" alt=\"\" class=\"wp-image-1384\" style=\"width:570px\" srcset=\"https:\/\/imn.co.rs\/wp-content\/uploads\/2024\/03\/278028_ekipa-filma-spomenik-majkl-dzeksonu-1024x868.jpg 1024w, https:\/\/imn.co.rs\/wp-content\/uploads\/2024\/03\/278028_ekipa-filma-spomenik-majkl-dzeksonu-300x254.jpg 300w, https:\/\/imn.co.rs\/wp-content\/uploads\/2024\/03\/278028_ekipa-filma-spomenik-majkl-dzeksonu-768x651.jpg 768w, https:\/\/imn.co.rs\/wp-content\/uploads\/2024\/03\/278028_ekipa-filma-spomenik-majkl-dzeksonu-1536x1302.jpg 1536w, https:\/\/imn.co.rs\/wp-content\/uploads\/2024\/03\/278028_ekipa-filma-spomenik-majkl-dzeksonu.jpg 1920w\" sizes=\"auto, (max-width: 1024px) 100vw, 1024px\" \/><\/figure>\n<\/div>\n\n\n<p><\/p>\n\n\n<div class=\"wp-block-image\">\n<figure class=\"aligncenter size-large is-resized\"><img loading=\"lazy\" decoding=\"async\" width=\"768\" height=\"1024\" src=\"https:\/\/imn.co.rs\/wp-content\/uploads\/2024\/03\/Photo-0419-768x1024.jpg\" alt=\"\" class=\"wp-image-1383\" style=\"width:570px\" srcset=\"https:\/\/imn.co.rs\/wp-content\/uploads\/2024\/03\/Photo-0419-768x1024.jpg 768w, https:\/\/imn.co.rs\/wp-content\/uploads\/2024\/03\/Photo-0419-225x300.jpg 225w, https:\/\/imn.co.rs\/wp-content\/uploads\/2024\/03\/Photo-0419-1152x1536.jpg 1152w, https:\/\/imn.co.rs\/wp-content\/uploads\/2024\/03\/Photo-0419.jpg 1440w\" sizes=\"auto, (max-width: 768px) 100vw, 768px\" \/><\/figure>\n<\/div>\n\n\n<p class=\"has-vivid-red-color has-text-color has-link-color wp-elements-ffd8dc0e854bea3c8266deb14cfb3313\"><strong>SYNOPSIS:<\/strong><\/p>\n\n\n\n<p>In a dying town in Serbia, an old communist-era monument is removed from the Square. Marko, a daydreamer, is on the verge of divorce from the love of his life, Ljubinka. She is disappointed in him and the life in Serbian small-town. Out of despair, he comes up with the idea to replace the communist-era statue with a monument to Michael Jackson in order to save his dying town and seduce his wife again. Marko convinces his close friends to help him. However, the town\u2019s mayor has his own plans and uses right-wing group \u201cClean Serbia\u201d to crash Marko\u2019s dream.<\/p>\n\n\n\n<p>Desperate, Marko falsifies Michael Jackson\u2019s letter and convinces the mayor and everybody else that Jackson will come to the monument\u2019s unveiling. The town is now revitalized and its citizens full of hope while Marko regains the love of his wife. But on the big day, Marko is disguised as Michael Jackson and waves to the crowd from the helicopter, the death of real Michael Jackson\u2019s is announced without him knowing. The group \u201cClean Serbia\u201d creates the chaos. The insane turn of events unexpectedly leads to the fulfillment of Marko\u2019s plan, but in an absurd and darkly ironic fashion.<\/p>\n","protected":false},"excerpt":{"rendered":"<p>Monument to Michael Jackson (2014) Original title: Spomenik Majklu D\u017eeksonu Producers: Sne\u017eana Penev, Darko LungulovProduced by: Papa FilmsCo-producer: Intermedia NetworkDirector: Darko LungulovScreenplay: Darko LungulovDirector of photography: Mathias SchoeninghMusic: Dejan Pejovi\u0107Production designer: Kiril SpaseskiCostumes: Zora Mojsilovi\u0107Cast: Boris Milivojevi\u0107, Nata\u0161a Tapu\u0161kovi\u0107, Dragan Bjelogrli\u0107, Ljubomir Bandovi\u0107, Branislav Trifunovi\u0107, Toni Mihajlovski, Mirjana Karanovi\u0107, Marko&#8230;<\/p>\n","protected":false},"author":1,"featured_media":0,"parent":0,"menu_order":0,"comment_status":"closed","ping_status":"closed","template":"","meta":{"footnotes":""},"class_list":["post-1382","page","type-page","status-publish","hentry"],"_links":{"self":[{"href":"https:\/\/imn.co.rs\/index.php?rest_route=\/wp\/v2\/pages\/1382","targetHints":{"allow":["GET"]}}],"collection":[{"href":"https:\/\/imn.co.rs\/index.php?rest_route=\/wp\/v2\/pages"}],"about":[{"href":"https:\/\/imn.co.rs\/index.php?rest_route=\/wp\/v2\/types\/page"}],"author":[{"embeddable":true,"href":"https:\/\/imn.co.rs\/index.php?rest_route=\/wp\/v2\/users\/1"}],"replies":[{"embeddable":true,"href":"https:\/\/imn.co.rs\/index.php?rest_route=%2Fwp%2Fv2%2Fcomments&post=1382"}],"version-history":[{"count":1,"href":"https:\/\/imn.co.rs\/index.php?rest_route=\/wp\/v2\/pages\/1382\/revisions"}],"predecessor-version":[{"id":1386,"href":"https:\/\/imn.co.rs\/index.php?rest_route=\/wp\/v2\/pages\/1382\/revisions\/1386"}],"wp:attachment":[{"href":"https:\/\/imn.co.rs\/index.php?rest_route=%2Fwp%2Fv2%2Fmedia&parent=1382"}],"curies":[{"name":"wp","href":"https:\/\/api.w.org\/{rel}","templated":true}]}}